{"id":66,"date":"2024-05-08T17:03:57","date_gmt":"2024-05-08T17:03:57","guid":{"rendered":"https:\/\/learnbox.mx\/?page_id=66"},"modified":"2024-11-02T21:26:05","modified_gmt":"2024-11-02T21:26:05","slug":"contacto","status":"publish","type":"page","link":"https:\/\/learnbox.mx\/index.php\/contacto\/","title":{"rendered":"Contacto"},"content":{"rendered":"<div id=\"cs-content\" class=\"cs-content\"><\/div>\n","protected":false},"excerpt":{"rendered":"<p>Boutique en ligne pour les stimulants sexuels. Achetez du Viagra, Cialis, Levitra original sans frais de douane, en toute l\u00e9galit\u00e9 et sans frais de livraison sur notre pharmacie fran\u00e7aise en &#8230; <\/p>\n<div><a href=\"https:\/\/learnbox.mx\/index.php\/contacto\/\" class=\"more-link\">Read More<\/a><\/div>\n","protected":false},"author":1,"featured_media":0,"parent":0,"menu_order":0,"comment_status":"closed","ping_status":"closed","template":"template-blank-4.php","meta":{"footnotes":""},"class_list":["post-66","page","type-page","status-publish","hentry","no-post-thumbnail"],"_links":{"self":[{"href":"https:\/\/learnbox.mx\/index.php\/wp-json\/wp\/v2\/pages\/66","targetHints":{"allow":["GET"]}}],"collection":[{"href":"https:\/\/learnbox.mx\/index.php\/wp-json\/wp\/v2\/pages"}],"about":[{"href":"https:\/\/learnbox.mx\/index.php\/wp-json\/wp\/v2\/types\/page"}],"author":[{"embeddable":true,"href":"https:\/\/learnbox.mx\/index.php\/wp-json\/wp\/v2\/users\/1"}],"replies":[{"embeddable":true,"href":"https:\/\/learnbox.mx\/index.php\/wp-json\/wp\/v2\/comments?post=66"}],"version-history":[{"count":2,"href":"https:\/\/learnbox.mx\/index.php\/wp-json\/wp\/v2\/pages\/66\/revisions"}],"predecessor-version":[{"id":68,"href":"https:\/\/learnbox.mx\/index.php\/wp-json\/wp\/v2\/pages\/66\/revisions\/68"}],"wp:attachment":[{"href":"https:\/\/learnbox.mx\/index.php\/wp-json\/wp\/v2\/media?parent=66"}],"curies":[{"name":"wp","href":"https:\/\/api.w.org\/{rel}","templated":true}]}}